{"id":1879,"date":"2021-07-02T13:15:53","date_gmt":"2021-07-02T11:15:53","guid":{"rendered":"https:\/\/lifepartners.pro\/durabilite\/"},"modified":"2021-10-12T10:53:02","modified_gmt":"2021-10-12T08:53:02","slug":"durabilite","status":"publish","type":"page","link":"https:\/\/lifepartners.pro\/de\/durabilite\/","title":{"rendered":"Nachhaltige Geldanlagen"},"content":{"rendered":"    <div class=\"spacing large-spacing spacing\"><\/div>\r\n\n\n<div class=\"wp-bootstrap-blocks-container container mb-2\">\n\t\n<div class=\"wp-bootstrap-blocks-row row\">\n\t\n\n<div class=\"col-12 col-md-6 col-xl-6\">\n\t\t\t\n\n<p class=\"has-text-align-center big\"><strong>Die Welt ver\u00e4ndert sich, die Klimasituation ist alarmierend, die Ungleichheiten nehmen zu, was machen wir ? <\/strong><\/p>\n\n\n\n<p class=\"has-text-align-center\" style=\"font-size:22px\">F\u00fchlen Sie sich angesichts all dessen machtlos ?<\/p>\n\n\n\n<p class=\"has-text-align-center\" style=\"font-size:22px\">Fragen Sie sich, ob die Bem\u00fchungen, die Sie unternehmen, um Ihre Gewohnheiten und Ihr Verhalten zu \u00e4ndern, wirklich Wirkung zeigen?<\/p>\n\n\n    <div class=\"spacing medium-spacing spacing\"><\/div>\r\n\n\n    <div>\r\n        <a href=\"https:\/\/lifepartners.pro\/de\/versicherungsloesungen\/\" class=\"btn btn-thirdary block-link\">Unsere Versicherungsl\u00f6sungen<\/a>\r\n    <\/div>\r\n\n\t<\/div>\n\n\n\n<div class=\"col-12 col-md-6\">\n\t\t\t\n\n<p class=\"has-medium-font-size\">Nat\u00fcrlich tr\u00e4gt jede pers\u00f6nliche Initiative zu einer besseren Welt bei, so klein sie auch sein mag. Wir alle haben auf unserer Ebene die M\u00f6glichkeit, Dinge zu ver\u00e4ndern und zu einer besseren Welt beizutragen.<\/p>\n\n\n\n<p><\/p>\n\n\n\n<p><\/p>\n\n\n\n<p class=\"has-medium-font-size\">K\u00f6nnen Ihre Investitionen also wirklich etwas bewirken? Die Antwort lautet eindeutig <strong>JA<\/strong>! &nbsp;<\/p>\n\n\n\n<p><\/p>\n\n\t<\/div>\n\n<\/div>\n\n\n    <div class=\"spacing medium-spacing spacing\"><\/div>\r\n\n\n\n<figure class=\"wp-block-image alignfull size-large overlay\"><img decoding=\"async\" width=\"1024\" height=\"429\" src=\"https:\/\/lifepartners.pro\/wp-content\/uploads\/2021\/06\/AdobeStock_166990407-1024x429.jpg\" alt=\"\" class=\"wp-image-248\" srcset=\"https:\/\/lifepartners.pro\/wp-content\/uploads\/2021\/06\/AdobeStock_166990407-1024x429.jpg 1024w, https:\/\/lifepartners.pro\/wp-content\/uploads\/2021\/06\/AdobeStock_166990407-300x126.jpg 300w, https:\/\/lifepartners.pro\/wp-content\/uploads\/2021\/06\/AdobeStock_166990407-768x322.jpg 768w, https:\/\/lifepartners.pro\/wp-content\/uploads\/2021\/06\/AdobeStock_166990407-1536x644.jpg 1536w, https:\/\/lifepartners.pro\/wp-content\/uploads\/2021\/06\/AdobeStock_166990407-2048x858.jpg 2048w\" sizes=\"(max-width: 1024px) 100vw, 1024px\" \/><figcaption>Wussten Sie das?<\/figcaption><\/figure>\n\n<\/div>\n\n\n    <div class=\"spacing medium-spacing spacing\"><\/div>\r\n\n\n<div class=\"wp-bootstrap-blocks-container container mb-2\">\n\t\n\n<p class=\"has-text-align-center\" style=\"font-size:23px\"><strong>Die Investition in einen Klimafonds ist 27-mal wirksamer als folgende Ma\u00dfnahmen zusammen: <\/strong><\/p>\n\n\n\n<ul class=\"has-medium-font-size\"><li>Verk\u00fcrzung der Zeit unter der Dusche um 2 Minuten (1,06 Tonnen CO2 gespart)<\/li><li>Ein Flug weniger pro Jahr (18,9 Tonnen CO2 gespart)<\/li><li>Den Zug statt das Auto nehmen (26,7 Tonnen CO2 gespart)<\/li><li>Nur einmal pro Woche Fleisch zu essen (35,6 Tonnen CO2 gespart)<\/li><li>Ihre Ersparnisse in einen <strong><em>fossilfreien <\/em><\/strong>Fonds anlegen (2222,6 Tonnen CO2 gespart)<\/li><\/ul>\n\n\n    <div class=\"spacing medium-spacing spacing\"><\/div>\r\n\n\n\n<p style=\"font-size:11px\">Die Zahlen basieren auf einer Nordea-Studie unter der Annahme, dass eine Person 42 Jahre lang arbeitet : <a href=\"http:\/\/www.nordea.com\/en\/doc\/sustainable-finance-at-nordea.pdf\" target=\"_blank\" rel=\"noreferrer noopener\">www.nordea.com\/en\/doc\/sustainable-finance-at-nordea.pdf<\/a><\/p>\n\n\n\n<p style=\"font-size:12px\"><\/p>\n\n\n\n<p><\/p>\n\n<\/div>\n\n\n    <div class=\"spacing medium-spacing spacing\"><\/div>\r\n\n\n<div class=\"wp-bootstrap-blocks-container container mb-2\">\n\t\n\n<h2 class=\"has-text-align-center small wp-block-heading\">Dokumente<\/h2>\n\n\n    <div class=\"block-documents\">\r\n                        <ul>\r\n                    <li class=\"title\"><\/li>\r\n                                            <li>\r\n                            <a href=\"\">\r\n                                Lifepartners und nachhaltige Finanzen                            <\/a>\r\n                        <\/li>\r\n                                        <\/ul>\r\n                    <\/div>\r\n\n<\/div>\n\n\n    <div class=\"spacing very-large-spacing spacing\"><\/div>\r\n\n\n<div class=\"wp-bootstrap-blocks-container container-fluid mb-0 dark pt-5\">\n\t\n<div class=\"wp-bootstrap-blocks-container container mb-0 pt-5\">\n\t\n<div class=\"wp-bootstrap-blocks-row row\">\n\t\n\n<div class=\"col-12 col-md-6\">\n\t\t\t\n\n<figure class=\"wp-block-image size-large negativ-margin-large fix-image-height\"><img decoding=\"async\" width=\"768\" height=\"1024\" src=\"https:\/\/lifepartners.pro\/wp-content\/uploads\/2021\/07\/AdobeStock_110329394-edited-768x1024.jpeg\" alt=\"\" class=\"wp-image-890\" srcset=\"https:\/\/lifepartners.pro\/wp-content\/uploads\/2021\/07\/AdobeStock_110329394-edited-768x1024.jpeg 768w, https:\/\/lifepartners.pro\/wp-content\/uploads\/2021\/07\/AdobeStock_110329394-edited-225x300.jpeg 225w, https:\/\/lifepartners.pro\/wp-content\/uploads\/2021\/07\/AdobeStock_110329394-edited-1151x1536.jpeg 1151w, https:\/\/lifepartners.pro\/wp-content\/uploads\/2021\/07\/AdobeStock_110329394-edited-1535x2048.jpeg 1535w, https:\/\/lifepartners.pro\/wp-content\/uploads\/2021\/07\/AdobeStock_110329394-edited-scaled.jpeg 1919w\" sizes=\"(max-width: 768px) 100vw, 768px\" \/><\/figure>\n\n\t<\/div>\n\n\n\n<div class=\"col-12 col-md-6\">\n\t\t\t\n\n<h2 class=\"has-text-align-center small wp-block-heading\" style=\"font-size:15px\"><strong>ihre ersparnisse sinnvoll einsetzen<\/strong><\/h2>\n\n\n    <div class=\"spacing medium-spacing spacing\"><\/div>\r\n\n\n\n<p>Wie wir alle wissen, gibt es keine kleinen Dinge, die man tun kann, um dem Klima zu helfen oder eine gerechtere Gesellschaft zu schaffen. Sie k\u00f6nnen Ihre Konsumgewohnheiten \u00e4ndern, Ihr Verhalten verbessern, spenden, aber auch Ihr Geld f\u00fcr \u00f6kologische und soziale Zwecke einsetzen und es gleichzeitig wachsen lassen.<\/p>\n\n\n    <div>\r\n        <a href=\"https:\/\/lifepartners.pro\/wp-content\/uploads\/2021\/09\/LifePartners_finance-durable.pdf\" class=\"btn btn-thirdary block-link\">Mehr lesen<\/a>\r\n    <\/div>\r\n\n\n    <div class=\"spacing large-spacing spacing\"><\/div>\r\n\n\t<\/div>\n\n<\/div>\n\n<\/div>\n\n<\/div>\n\n\n<div class=\"wp-bootstrap-blocks-container container-fluid mb-0 green py-5\">\n\t\n<div class=\"wp-bootstrap-blocks-container container mb-0 py-5\">\n\t\n<div class=\"wp-bootstrap-blocks-row row\">\n\t\n\n<div class=\"col-12 col-md-6 text-center text-md-left\">\n\t\t\t\n\n<h2 class=\"wp-block-heading\"> Haben Sie eine Frage ? <\/h2>\n\n\n\n<p>Z\u00f6gern Sie nicht, uns bei Fragen oder f\u00fcr zus\u00e4tzliche Informationen \u00fcber unsere Dienstleistungen zu kontaktieren.<\/p>\n\n\t<\/div>\n\n\n\n<div class=\"col-12 col-md-6 text-center text-md-right\">\n\t\t\t<div class=\"h-100 d-flex flex-column justify-content-center\">\n\t\t\t\n    <div>\r\n        <a href=\"https:\/\/lifepartners.pro\/de\/kontakt\/\" class=\"btn btn-primary block-link\">Kontaktieren Sie uns<\/a>\r\n    <\/div>\r\n\n\t\t<\/div>\n\t<\/div>\n\n<\/div>\n\n<\/div>\n\n<\/div>\n","protected":false},"excerpt":{"rendered":"","protected":false},"author":1,"featured_media":0,"parent":0,"menu_order":0,"comment_status":"closed","ping_status":"closed","template":"","meta":{"footnotes":""},"acf":[],"yoast_head":"<!-- This site is optimized with the Yoast SEO plugin v22.6 - https:\/\/yoast.com\/wordpress\/plugins\/seo\/ -->\n<title>Nachhaltige Geldanlagen - Lifepartners<\/title>\n<meta name=\"robots\" content=\"index, follow, max-snippet:-1, max-image-preview:large, max-video-preview:-1\" \/>\n<link rel=\"canonical\" href=\"https:\/\/lifepartners.pro\/de\/durabilite\/\" \/>\n<meta property=\"og:locale\" content=\"de_DE\" \/>\n<meta property=\"og:type\" content=\"article\" \/>\n<meta property=\"og:title\" content=\"Nachhaltige Geldanlagen - Lifepartners\" \/>\n<meta property=\"og:url\" content=\"https:\/\/lifepartners.pro\/de\/durabilite\/\" \/>\n<meta property=\"og:site_name\" content=\"Lifepartners\" \/>\n<meta property=\"article:modified_time\" content=\"2021-10-12T08:53:02+00:00\" \/>\n<meta property=\"og:image\" content=\"https:\/\/lifepartners.pro\/wp-content\/uploads\/2021\/06\/AdobeStock_166990407-1024x429.jpg\" \/>\n<meta name=\"twitter:card\" content=\"summary_large_image\" \/>\n<meta name=\"twitter:label1\" content=\"Gesch\u00e4tzte Lesezeit\" \/>\n\t<meta name=\"twitter:data1\" content=\"2\u00a0Minuten\" \/>\n<script type=\"application\/ld+json\" class=\"yoast-schema-graph\">{\"@context\":\"https:\/\/schema.org\",\"@graph\":[{\"@type\":\"WebPage\",\"@id\":\"https:\/\/lifepartners.pro\/de\/durabilite\/\",\"url\":\"https:\/\/lifepartners.pro\/de\/durabilite\/\",\"name\":\"Nachhaltige Geldanlagen - Lifepartners\",\"isPartOf\":{\"@id\":\"https:\/\/lifepartners.pro\/de\/#website\"},\"primaryImageOfPage\":{\"@id\":\"https:\/\/lifepartners.pro\/de\/durabilite\/#primaryimage\"},\"image\":{\"@id\":\"https:\/\/lifepartners.pro\/de\/durabilite\/#primaryimage\"},\"thumbnailUrl\":\"https:\/\/lifepartners.pro\/wp-content\/uploads\/2021\/06\/AdobeStock_166990407-1024x429.jpg\",\"datePublished\":\"2021-07-02T11:15:53+00:00\",\"dateModified\":\"2021-10-12T08:53:02+00:00\",\"breadcrumb\":{\"@id\":\"https:\/\/lifepartners.pro\/de\/durabilite\/#breadcrumb\"},\"inLanguage\":\"de\",\"potentialAction\":[{\"@type\":\"ReadAction\",\"target\":[\"https:\/\/lifepartners.pro\/de\/durabilite\/\"]}]},{\"@type\":\"ImageObject\",\"inLanguage\":\"de\",\"@id\":\"https:\/\/lifepartners.pro\/de\/durabilite\/#primaryimage\",\"url\":\"https:\/\/lifepartners.pro\/wp-content\/uploads\/2021\/06\/AdobeStock_166990407-1024x429.jpg\",\"contentUrl\":\"https:\/\/lifepartners.pro\/wp-content\/uploads\/2021\/06\/AdobeStock_166990407-1024x429.jpg\"},{\"@type\":\"BreadcrumbList\",\"@id\":\"https:\/\/lifepartners.pro\/de\/durabilite\/#breadcrumb\",\"itemListElement\":[{\"@type\":\"ListItem\",\"position\":1,\"name\":\"Home\",\"item\":\"https:\/\/lifepartners.pro\/de\/\"},{\"@type\":\"ListItem\",\"position\":2,\"name\":\"Nachhaltige Geldanlagen\"}]},{\"@type\":\"WebSite\",\"@id\":\"https:\/\/lifepartners.pro\/de\/#website\",\"url\":\"https:\/\/lifepartners.pro\/de\/\",\"name\":\"Lifepartners\",\"description\":\"Just another WordPress site\",\"potentialAction\":[{\"@type\":\"SearchAction\",\"target\":{\"@type\":\"EntryPoint\",\"urlTemplate\":\"https:\/\/lifepartners.pro\/de\/?s={search_term_string}\"},\"query-input\":\"required name=search_term_string\"}],\"inLanguage\":\"de\"}]}<\/script>\n<!-- \/ Yoast SEO plugin. -->","yoast_head_json":{"title":"Nachhaltige Geldanlagen - Lifepartners","robots":{"index":"index","follow":"follow","max-snippet":"max-snippet:-1","max-image-preview":"max-image-preview:large","max-video-preview":"max-video-preview:-1"},"canonical":"https:\/\/lifepartners.pro\/de\/durabilite\/","og_locale":"de_DE","og_type":"article","og_title":"Nachhaltige Geldanlagen - Lifepartners","og_url":"https:\/\/lifepartners.pro\/de\/durabilite\/","og_site_name":"Lifepartners","article_modified_time":"2021-10-12T08:53:02+00:00","og_image":[{"url":"https:\/\/lifepartners.pro\/wp-content\/uploads\/2021\/06\/AdobeStock_166990407-1024x429.jpg"}],"twitter_card":"summary_large_image","twitter_misc":{"Gesch\u00e4tzte Lesezeit":"2\u00a0Minuten"},"schema":{"@context":"https:\/\/schema.org","@graph":[{"@type":"WebPage","@id":"https:\/\/lifepartners.pro\/de\/durabilite\/","url":"https:\/\/lifepartners.pro\/de\/durabilite\/","name":"Nachhaltige Geldanlagen - Lifepartners","isPartOf":{"@id":"https:\/\/lifepartners.pro\/de\/#website"},"primaryImageOfPage":{"@id":"https:\/\/lifepartners.pro\/de\/durabilite\/#primaryimage"},"image":{"@id":"https:\/\/lifepartners.pro\/de\/durabilite\/#primaryimage"},"thumbnailUrl":"https:\/\/lifepartners.pro\/wp-content\/uploads\/2021\/06\/AdobeStock_166990407-1024x429.jpg","datePublished":"2021-07-02T11:15:53+00:00","dateModified":"2021-10-12T08:53:02+00:00","breadcrumb":{"@id":"https:\/\/lifepartners.pro\/de\/durabilite\/#breadcrumb"},"inLanguage":"de","potentialAction":[{"@type":"ReadAction","target":["https:\/\/lifepartners.pro\/de\/durabilite\/"]}]},{"@type":"ImageObject","inLanguage":"de","@id":"https:\/\/lifepartners.pro\/de\/durabilite\/#primaryimage","url":"https:\/\/lifepartners.pro\/wp-content\/uploads\/2021\/06\/AdobeStock_166990407-1024x429.jpg","contentUrl":"https:\/\/lifepartners.pro\/wp-content\/uploads\/2021\/06\/AdobeStock_166990407-1024x429.jpg"},{"@type":"BreadcrumbList","@id":"https:\/\/lifepartners.pro\/de\/durabilite\/#breadcrumb","itemListElement":[{"@type":"ListItem","position":1,"name":"Home","item":"https:\/\/lifepartners.pro\/de\/"},{"@type":"ListItem","position":2,"name":"Nachhaltige Geldanlagen"}]},{"@type":"WebSite","@id":"https:\/\/lifepartners.pro\/de\/#website","url":"https:\/\/lifepartners.pro\/de\/","name":"Lifepartners","description":"Just another WordPress site","potentialAction":[{"@type":"SearchAction","target":{"@type":"EntryPoint","urlTemplate":"https:\/\/lifepartners.pro\/de\/?s={search_term_string}"},"query-input":"required name=search_term_string"}],"inLanguage":"de"}]}},"_links":{"self":[{"href":"https:\/\/lifepartners.pro\/de\/wp-json\/wp\/v2\/pages\/1879"}],"collection":[{"href":"https:\/\/lifepartners.pro\/de\/wp-json\/wp\/v2\/pages"}],"about":[{"href":"https:\/\/lifepartners.pro\/de\/wp-json\/wp\/v2\/types\/page"}],"author":[{"embeddable":true,"href":"https:\/\/lifepartners.pro\/de\/wp-json\/wp\/v2\/users\/1"}],"replies":[{"embeddable":true,"href":"https:\/\/lifepartners.pro\/de\/wp-json\/wp\/v2\/comments?post=1879"}],"version-history":[{"count":24,"href":"https:\/\/lifepartners.pro\/de\/wp-json\/wp\/v2\/pages\/1879\/revisions"}],"predecessor-version":[{"id":2143,"href":"https:\/\/lifepartners.pro\/de\/wp-json\/wp\/v2\/pages\/1879\/revisions\/2143"}],"wp:attachment":[{"href":"https:\/\/lifepartners.pro\/de\/wp-json\/wp\/v2\/media?parent=1879"}],"curies":[{"name":"wp","href":"https:\/\/api.w.org\/{rel}","templated":true}]}}