{"id":1332,"date":"2021-07-02T11:30:40","date_gmt":"2021-07-02T09:30:40","guid":{"rendered":"https:\/\/lifepartners.pro\/assurances\/"},"modified":"2024-03-21T18:06:43","modified_gmt":"2024-03-21T16:06:43","slug":"versicherungsloesungen","status":"publish","type":"page","link":"https:\/\/lifepartners.pro\/de\/versicherungsloesungen\/","title":{"rendered":"Versicherungen"},"content":{"rendered":"    <div class=\"spacing large-spacing spacing\"><\/div>\r\n\n\n<div class=\"wp-bootstrap-blocks-container container mb-2\">\n\t\n<div class=\"wp-bootstrap-blocks-row row\">\n\t\n\n<div class=\"col-12 col-md-6\">\n\t\t\t\n\n<p class=\"big\"><\/p>\n\n\n    <div>\r\n        <a href=\"https:\/\/lifepartners.pro\/de\/investmentloesungen\/\" class=\"btn btn-thirdary block-link\">Entdecken Sie unsere Investmentl\u00f6sungen<\/a>\r\n    <\/div>\r\n\n\t<\/div>\n\n\n\n<div class=\"col-12 col-md-6\">\n\t\t\t\n\n<p class=\"line-top-green\"><\/p>\n\n\t<\/div>\n\n<\/div>\n\n\n    <div class=\"spacing medium-spacing spacing\"><\/div>\r\n\n\n\n<figure class=\"wp-block-image alignfull size-large overlay\"><img decoding=\"async\" width=\"931\" height=\"253\" src=\"https:\/\/lifepartners.pro\/wp-content\/uploads\/2021\/07\/AdobeStock_383067820.jpg\" alt=\"\" class=\"wp-image-751\" srcset=\"https:\/\/lifepartners.pro\/wp-content\/uploads\/2021\/07\/AdobeStock_383067820.jpg 931w, https:\/\/lifepartners.pro\/wp-content\/uploads\/2021\/07\/AdobeStock_383067820-300x82.jpg 300w, https:\/\/lifepartners.pro\/wp-content\/uploads\/2021\/07\/AdobeStock_383067820-768x209.jpg 768w\" sizes=\"(max-width: 931px) 100vw, 931px\" \/><figcaption class=\"wp-element-caption\">Ma\u00dfgeschneiderte L\u00f6sungen<\/figcaption><\/figure>\n\n<\/div>\n\n\n    <div class=\"spacing large-spacing spacing\"><\/div>\r\n\n\n<div class=\"wp-bootstrap-blocks-container container-fluid mb-0 dark py-5\">\n\t\n<div class=\"wp-bootstrap-blocks-container container mb-2 text-center py-5\">\n\t\n\n<h2 class=\"wp-block-heading small\">UNSERE VERSICHERUNG<\/h2>\n\n\n\n<h3 class=\"wp-block-heading container-slim\">Was auch immer Sie entscheiden, wir bieten Ihnen die richtigen L\u00f6sungen<\/h3>\n\n\n    <div class=\"spacing medium-spacing spacing\"><\/div>\r\n\n\n    <div class=\"spacing very-large-spacing spacing\"><\/div>\r\n\n<\/div>\n\n<\/div>\n\n\n    <div class=\"spacing large-spacing spacing\"><\/div>\r\n\n\n    <div class=\"container block-logo\">\r\n        <div class=\"logo\">\r\n            <img decoding=\"async\" src=\"https:\/\/lifepartners.pro\/wp-content\/uploads\/2021\/07\/Group-86.svg\" alt=\"\">\r\n        <\/div>\r\n    <\/div>\r\n\n\n    <div class=\"spacing medium-spacing spacing\"><\/div>\r\n\n\n<div class=\"wp-bootstrap-blocks-container container mb-2\">\n\t\n<div class=\"wp-bootstrap-blocks-row row\">\n\t\n\n<div class=\"col-12 col-md-4\">\n\t\t\t\n\n<p class=\"large\">1<\/p>\n\n\n\n<h3 class=\"wp-block-heading\">Cyber-Risk<\/h3>\n\n\n\n<p class=\"line-bottom-grey\">Ein Unternehmen ohne PC oder Internet leiten? Kaum mehr vorstellbar. Ihre Gesch\u00e4ftsaktivit\u00e4ten sind mehr denn je von Ihren Daten und Programmen abh\u00e4ngig.<\/p>\n\n\t<\/div>\n\n\n\n<div class=\"col-12 col-md-4\">\n\t\t\t\n\n<p class=\"large\">2<\/p>\n\n\n\n<h3 class=\"wp-block-heading\">Betriebsausfallversicherung<\/h3>\n\n\n\n<p>Ihre Feuerversicherung sch\u00fctzt Sie gegen einen Brand, Explosion,\u2026. Doch wussten Sie, dass die laufenden Kosten in der Bauphase nicht \u00fcber die klassische Feuerversicherung, sondern \u00fcber die Betriebsausfallversicherung gedeckt sind?<\/p>\n\n\n\n<p>Es ist die Lebensversicherung f\u00fcr Ihr Unternehmen!<\/p>\n\n\t<\/div>\n\n\n\n<div class=\"col-12 col-md-4\">\n\t\t\t\n\n<p class=\"large\">3<\/p>\n\n\n\n<h3 class=\"wp-block-heading\">Haftpflicht des Firmenchefs \u2013 Directors &amp; Officers Liability<\/h3>\n\n\n\n<p class=\"line-bottom-grey\">Wussten Sie, dass der Verantwortliche eines Unternehmens bei Managementfehlern sein Privatverm\u00f6gen aufs Spiel setzt ?<\/p>\n\n\t<\/div>\n\n<\/div>\n\n<\/div>\n\n\n<div class=\"wp-bootstrap-blocks-container container mb-2\">\n\t\n<div class=\"wp-bootstrap-blocks-row row\">\n\t\n\n<div class=\"col-12 col-md-4\">\n\t\t\t\n\n<p class=\"large\">4<\/p>\n\n\n\n<h3 class=\"wp-block-heading\">Ihre Versicherung<\/h3>\n\n\n\n<p class=\"line-bottom-grey\">Eine regelm\u00e4\u00dfige \u00dcberpr\u00fcfung Ihrer Versicherungsakte ist wichtig. Wir begleiten und beraten Sie gerne bei der Optimierung !<\/p>\n\n\t<\/div>\n\n\n\n<div class=\"col-12 col-md-4\">\n\t\t\t\n\n<p class=\"large\">5<\/p>\n\n\n\n<h3 class=\"wp-block-heading\">Schutz und Vorsorge<\/h3>\n\n\n\n<p class=\"line-bottom-grey\">Ihre Situation ist einzigartig! Wir unterst\u00fctzen Sie bei der Planung Ihrer Absicherung auf der Grundlage Ihrer pers\u00f6nlichen Situation.<\/p>\n\n\t<\/div>\n\n\n\n<div class=\"col-12 col-md-4\">\n\t\t\t\n\n<p class=\"large\">6<\/p>\n\n\n\n<h3 class=\"wp-block-heading\">Zehnjahres Haftpflicht<\/h3>\n\n\n\n<p class=\"line-bottom-grey\">Diese Versicherung ist in Belgien f\u00fcr Baufachleute obligatorisch. Wussten Sie, dass es auch m\u00f6glich ist, diese Versicherung f\u00fcr eine Baustelle in Luxemburg abzuschlie\u00dfen ?<\/p>\n\n\t<\/div>\n\n<\/div>\n\n<\/div>\n\n\n    <div class=\"spacing large-spacing spacing\"><\/div>\r\n\n\n<div class=\"wp-bootstrap-blocks-container container-fluid mb-0 green py-5\">\n\t\n<div class=\"wp-bootstrap-blocks-container container mb-0 py-5\">\n\t\n<div class=\"wp-bootstrap-blocks-row row\">\n\t\n\n<div class=\"col-12 col-md-6 text-center text-md-left\">\n\t\t\t\n\n<h2 class=\"wp-block-heading\">Brauchen Sie eine Versicherung ?<\/h2>\n\n\n\n<p>Z\u00f6gern Sie nicht, uns bei Fragen oder f\u00fcr zus\u00e4tzliche Informationen \u00fcber unsere Dienstleistungen zu kontaktieren.<\/p>\n\n\t<\/div>\n\n\n\n<div class=\"col-12 col-md-6 text-center text-md-right\">\n\t\t\t<div class=\"h-100 d-flex flex-column justify-content-center\">\n\t\t\t\n    <div>\r\n        <a href=\"https:\/\/lifepartners.pro\/de\/kontakt\/\" class=\"btn btn-primary block-link\">Kontaktieren Sie uns<\/a>\r\n    <\/div>\r\n\n\t\t<\/div>\n\t<\/div>\n\n<\/div>\n\n<\/div>\n\n<\/div>\n\n\n<div class=\"wp-bootstrap-blocks-container container-fluid mb-0 px-0\">\n\t\n\n<figure class=\"wp-block-gallery has-nested-images columns-default is-cropped wp-block-gallery-1 is-layout-flex wp-block-gallery-is-layout-flex\">\n<figure class=\"wp-block-image size-large\"><img decoding=\"async\" src=\"https:\/\/lifepartners.pro\/wp-content\/uploads\/2021\/06\/car-an-insurance-agent-talking-to-a-woman-driver-by-th-HPE7WKM-1024x683.jpeg\" alt=\"\" class=\"wp-image-268\"\/><\/figure>\n\n\n\n<figure class=\"wp-block-image size-large\"><img decoding=\"async\" width=\"1024\" height=\"683\" src=\"https:\/\/lifepartners.pro\/wp-content\/uploads\/2021\/06\/medical-child-at-a-doctors-appointment-XE77AS6-1024x683.jpeg\" alt=\"\" class=\"wp-image-236\" srcset=\"https:\/\/lifepartners.pro\/wp-content\/uploads\/2021\/06\/medical-child-at-a-doctors-appointment-XE77AS6-1024x683.jpeg 1024w, https:\/\/lifepartners.pro\/wp-content\/uploads\/2021\/06\/medical-child-at-a-doctors-appointment-XE77AS6-300x200.jpeg 300w, https:\/\/lifepartners.pro\/wp-content\/uploads\/2021\/06\/medical-child-at-a-doctors-appointment-XE77AS6-768x512.jpeg 768w, https:\/\/lifepartners.pro\/wp-content\/uploads\/2021\/06\/medical-child-at-a-doctors-appointment-XE77AS6-1536x1024.jpeg 1536w, https:\/\/lifepartners.pro\/wp-content\/uploads\/2021\/06\/medical-child-at-a-doctors-appointment-XE77AS6-2048x1365.jpeg 2048w\" sizes=\"(max-width: 1024px) 100vw, 1024px\" \/><\/figure>\n\n\n\n<figure class=\"wp-block-image size-large\"><img decoding=\"async\" width=\"1024\" height=\"622\" src=\"https:\/\/lifepartners.pro\/wp-content\/uploads\/2021\/06\/family-concept-of-housing-for-young-family-9E67ASD-1024x622.jpeg\" alt=\"\" class=\"wp-image-228\" srcset=\"https:\/\/lifepartners.pro\/wp-content\/uploads\/2021\/06\/family-concept-of-housing-for-young-family-9E67ASD-1024x622.jpeg 1024w, https:\/\/lifepartners.pro\/wp-content\/uploads\/2021\/06\/family-concept-of-housing-for-young-family-9E67ASD-300x182.jpeg 300w, https:\/\/lifepartners.pro\/wp-content\/uploads\/2021\/06\/family-concept-of-housing-for-young-family-9E67ASD-768x467.jpeg 768w, https:\/\/lifepartners.pro\/wp-content\/uploads\/2021\/06\/family-concept-of-housing-for-young-family-9E67ASD-1536x934.jpeg 1536w, https:\/\/lifepartners.pro\/wp-content\/uploads\/2021\/06\/family-concept-of-housing-for-young-family-9E67ASD-2048x1245.jpeg 2048w\" sizes=\"(max-width: 1024px) 100vw, 1024px\" \/><\/figure>\n<\/figure>\n\n<\/div>\n","protected":false},"excerpt":{"rendered":"","protected":false},"author":1,"featured_media":0,"parent":0,"menu_order":0,"comment_status":"closed","ping_status":"closed","template":"","meta":{"footnotes":""},"acf":[],"yoast_head":"<!-- This site is optimized with the Yoast SEO plugin v22.6 - https:\/\/yoast.com\/wordpress\/plugins\/seo\/ -->\n<title>Versicherungen - Lifepartners<\/title>\n<meta name=\"robots\" content=\"index, follow, max-snippet:-1, max-image-preview:large, max-video-preview:-1\" \/>\n<link rel=\"canonical\" href=\"https:\/\/lifepartners.pro\/de\/versicherungsloesungen\/\" \/>\n<meta property=\"og:locale\" content=\"de_DE\" \/>\n<meta property=\"og:type\" content=\"article\" \/>\n<meta property=\"og:title\" content=\"Versicherungen - Lifepartners\" \/>\n<meta property=\"og:url\" content=\"https:\/\/lifepartners.pro\/de\/versicherungsloesungen\/\" \/>\n<meta property=\"og:site_name\" content=\"Lifepartners\" \/>\n<meta property=\"article:modified_time\" content=\"2024-03-21T16:06:43+00:00\" \/>\n<meta property=\"og:image\" content=\"https:\/\/lifepartners.pro\/wp-content\/uploads\/2021\/07\/AdobeStock_383067820.jpg\" \/>\n<meta name=\"twitter:card\" content=\"summary_large_image\" \/>\n<meta name=\"twitter:label1\" content=\"Gesch\u00e4tzte Lesezeit\" \/>\n\t<meta name=\"twitter:data1\" content=\"2\u00a0Minuten\" \/>\n<script type=\"application\/ld+json\" class=\"yoast-schema-graph\">{\"@context\":\"https:\/\/schema.org\",\"@graph\":[{\"@type\":\"WebPage\",\"@id\":\"https:\/\/lifepartners.pro\/de\/versicherungsloesungen\/\",\"url\":\"https:\/\/lifepartners.pro\/de\/versicherungsloesungen\/\",\"name\":\"Versicherungen - Lifepartners\",\"isPartOf\":{\"@id\":\"https:\/\/lifepartners.pro\/de\/#website\"},\"primaryImageOfPage\":{\"@id\":\"https:\/\/lifepartners.pro\/de\/versicherungsloesungen\/#primaryimage\"},\"image\":{\"@id\":\"https:\/\/lifepartners.pro\/de\/versicherungsloesungen\/#primaryimage\"},\"thumbnailUrl\":\"https:\/\/lifepartners.pro\/wp-content\/uploads\/2021\/07\/AdobeStock_383067820.jpg\",\"datePublished\":\"2021-07-02T09:30:40+00:00\",\"dateModified\":\"2024-03-21T16:06:43+00:00\",\"breadcrumb\":{\"@id\":\"https:\/\/lifepartners.pro\/de\/versicherungsloesungen\/#breadcrumb\"},\"inLanguage\":\"de\",\"potentialAction\":[{\"@type\":\"ReadAction\",\"target\":[\"https:\/\/lifepartners.pro\/de\/versicherungsloesungen\/\"]}]},{\"@type\":\"ImageObject\",\"inLanguage\":\"de\",\"@id\":\"https:\/\/lifepartners.pro\/de\/versicherungsloesungen\/#primaryimage\",\"url\":\"https:\/\/lifepartners.pro\/wp-content\/uploads\/2021\/07\/AdobeStock_383067820.jpg\",\"contentUrl\":\"https:\/\/lifepartners.pro\/wp-content\/uploads\/2021\/07\/AdobeStock_383067820.jpg\"},{\"@type\":\"BreadcrumbList\",\"@id\":\"https:\/\/lifepartners.pro\/de\/versicherungsloesungen\/#breadcrumb\",\"itemListElement\":[{\"@type\":\"ListItem\",\"position\":1,\"name\":\"Home\",\"item\":\"https:\/\/lifepartners.pro\/de\/\"},{\"@type\":\"ListItem\",\"position\":2,\"name\":\"Versicherungen\"}]},{\"@type\":\"WebSite\",\"@id\":\"https:\/\/lifepartners.pro\/de\/#website\",\"url\":\"https:\/\/lifepartners.pro\/de\/\",\"name\":\"Lifepartners\",\"description\":\"Just another WordPress site\",\"potentialAction\":[{\"@type\":\"SearchAction\",\"target\":{\"@type\":\"EntryPoint\",\"urlTemplate\":\"https:\/\/lifepartners.pro\/de\/?s={search_term_string}\"},\"query-input\":\"required name=search_term_string\"}],\"inLanguage\":\"de\"}]}<\/script>\n<!-- \/ Yoast SEO plugin. -->","yoast_head_json":{"title":"Versicherungen - Lifepartners","robots":{"index":"index","follow":"follow","max-snippet":"max-snippet:-1","max-image-preview":"max-image-preview:large","max-video-preview":"max-video-preview:-1"},"canonical":"https:\/\/lifepartners.pro\/de\/versicherungsloesungen\/","og_locale":"de_DE","og_type":"article","og_title":"Versicherungen - Lifepartners","og_url":"https:\/\/lifepartners.pro\/de\/versicherungsloesungen\/","og_site_name":"Lifepartners","article_modified_time":"2024-03-21T16:06:43+00:00","og_image":[{"url":"https:\/\/lifepartners.pro\/wp-content\/uploads\/2021\/07\/AdobeStock_383067820.jpg"}],"twitter_card":"summary_large_image","twitter_misc":{"Gesch\u00e4tzte Lesezeit":"2\u00a0Minuten"},"schema":{"@context":"https:\/\/schema.org","@graph":[{"@type":"WebPage","@id":"https:\/\/lifepartners.pro\/de\/versicherungsloesungen\/","url":"https:\/\/lifepartners.pro\/de\/versicherungsloesungen\/","name":"Versicherungen - Lifepartners","isPartOf":{"@id":"https:\/\/lifepartners.pro\/de\/#website"},"primaryImageOfPage":{"@id":"https:\/\/lifepartners.pro\/de\/versicherungsloesungen\/#primaryimage"},"image":{"@id":"https:\/\/lifepartners.pro\/de\/versicherungsloesungen\/#primaryimage"},"thumbnailUrl":"https:\/\/lifepartners.pro\/wp-content\/uploads\/2021\/07\/AdobeStock_383067820.jpg","datePublished":"2021-07-02T09:30:40+00:00","dateModified":"2024-03-21T16:06:43+00:00","breadcrumb":{"@id":"https:\/\/lifepartners.pro\/de\/versicherungsloesungen\/#breadcrumb"},"inLanguage":"de","potentialAction":[{"@type":"ReadAction","target":["https:\/\/lifepartners.pro\/de\/versicherungsloesungen\/"]}]},{"@type":"ImageObject","inLanguage":"de","@id":"https:\/\/lifepartners.pro\/de\/versicherungsloesungen\/#primaryimage","url":"https:\/\/lifepartners.pro\/wp-content\/uploads\/2021\/07\/AdobeStock_383067820.jpg","contentUrl":"https:\/\/lifepartners.pro\/wp-content\/uploads\/2021\/07\/AdobeStock_383067820.jpg"},{"@type":"BreadcrumbList","@id":"https:\/\/lifepartners.pro\/de\/versicherungsloesungen\/#breadcrumb","itemListElement":[{"@type":"ListItem","position":1,"name":"Home","item":"https:\/\/lifepartners.pro\/de\/"},{"@type":"ListItem","position":2,"name":"Versicherungen"}]},{"@type":"WebSite","@id":"https:\/\/lifepartners.pro\/de\/#website","url":"https:\/\/lifepartners.pro\/de\/","name":"Lifepartners","description":"Just another WordPress site","potentialAction":[{"@type":"SearchAction","target":{"@type":"EntryPoint","urlTemplate":"https:\/\/lifepartners.pro\/de\/?s={search_term_string}"},"query-input":"required name=search_term_string"}],"inLanguage":"de"}]}},"_links":{"self":[{"href":"https:\/\/lifepartners.pro\/de\/wp-json\/wp\/v2\/pages\/1332"}],"collection":[{"href":"https:\/\/lifepartners.pro\/de\/wp-json\/wp\/v2\/pages"}],"about":[{"href":"https:\/\/lifepartners.pro\/de\/wp-json\/wp\/v2\/types\/page"}],"author":[{"embeddable":true,"href":"https:\/\/lifepartners.pro\/de\/wp-json\/wp\/v2\/users\/1"}],"replies":[{"embeddable":true,"href":"https:\/\/lifepartners.pro\/de\/wp-json\/wp\/v2\/comments?post=1332"}],"version-history":[{"count":18,"href":"https:\/\/lifepartners.pro\/de\/wp-json\/wp\/v2\/pages\/1332\/revisions"}],"predecessor-version":[{"id":9125,"href":"https:\/\/lifepartners.pro\/de\/wp-json\/wp\/v2\/pages\/1332\/revisions\/9125"}],"wp:attachment":[{"href":"https:\/\/lifepartners.pro\/de\/wp-json\/wp\/v2\/media?parent=1332"}],"curies":[{"name":"wp","href":"https:\/\/api.w.org\/{rel}","templated":true}]}}